{"id":3927,"date":"2023-03-04T20:05:05","date_gmt":"2023-03-04T19:05:05","guid":{"rendered":"https:\/\/kamp-rut.si\/?page_id=3927"},"modified":"2023-06-26T09:13:22","modified_gmt":"2023-06-26T07:13:22","slug":"home","status":"publish","type":"page","link":"https:\/\/kamp-rut.si\/sl\/","title":{"rendered":"Home"},"content":{"rendered":"<p>[vc_row full_width=&#8221;stretch_row_content_no_spaces&#8221;][vc_column]<div  class=\"hero-slider hero-slider--booking style1 hero-slider__small\" data-autoplay=\"true\" data-loop=\"true\" data-speed=\"5000\"><div class=\"hero-slider__items\"><div class=\"hero-slider__item has-overlay\" style=\"background-image: url(https:\/\/kamp-rut.si\/wp-content\/uploads\/camp-rut.jpg);\"><div class=\"hero-slider__wrap jumbotron-text__content\"><div class=\"subtitle subtitle--slider\">EDINSTVENA IZKU\u0160NJA<\/div><div class=\"title title--slider\">KAMPIRANJE V NARAVI<\/div><\/div><\/div><div class=\"hero-slider__item has-overlay\" style=\"background-image: url(https:\/\/kamp-rut.si\/wp-content\/uploads\/camp.jpg);\"><div class=\"hero-slider__wrap jumbotron-text__content\"><div class=\"subtitle subtitle--slider\">KAMPIRANJE V NARAVI<\/div><div class=\"title title--slider\">EDINSTVENA IZKU\u0160NJA<\/div><\/div><\/div><\/div><\/div>[\/vc_column][\/vc_row][vc_row][vc_column]<div  class=\"empty-space  marg-lg-b75 marg-xs-b50\"><\/div>[\/vc_column][\/vc_row][vc_row][vc_column width=&#8221;1\/3&#8243;]<div  class=\"text-block__signature\"><div class=\"subtitle subtitle--left subtitle--sm\">Edinstvena izku\u0161nja<\/div><div class=\"title title--left title-color-black title--sm\"><h2>Kamp Rut - kampiranje v osr\u010dju narave<\/h2><\/div><div class=\"spacing\" style=\"height: 4px\"><\/div><div class=\"text\"><p><\/p><\/div><div class=\"spacing\" style=\"height: 15px\"><\/div><\/div>[\/vc_column][vc_column width=&#8221;1\/3&#8243;]<div  class=\"special-text\" style=\" font-weight:300;\"><p>Kamp Rut je majhen dru\u017einski kamp, lociran en kilometer od Kobarida. Obkro\u017een je z gozdom in hribi. Je odli\u010dno izhodi\u0161\u010de za pohodnike in kolesarje. Poleg parcel za kampiranje ponujamo tudi po\u010ditni\u0161ko hi\u0161ko in sobe v hostlu. Pri nas najdete otro\u0161ko in \u0161portno igri\u0161\u010de ter bar s prigrizki. Ponujamo zajtrke in pice, v visoki sezoni pa tudi ve\u010derje.<\/p>\n<\/div>[\/vc_column][vc_column width=&#8221;1\/3&#8243;]<div  class=\"special-text\" style=\" font-weight:300;\"><p>Iz kampa vodi tudi pe\u0161pot do Kobarida. Pot vas vodi mimo pti\u010dje opazovalnice na \u00bbKobari\u0161kem blatu\u00ab, kjer gnezdijo sive \u010daplje. Nato pre\u010dkate leseni mosti\u010dek \u010dez reko Idrijo in \u017ee ste v Kobaridu. V centru Kobarida najdete ve\u010d trgovin in restavracij, agencij, ki ponujajo razne aktivnosti, kot so vodni in zra\u010dni \u0161porti, kolesarjenje, najem skuterjev, itd.<\/p>\n<\/div>[\/vc_column][\/vc_row][vc_row][vc_column]<div  class=\"empty-space  marg-lg-b75 marg-xs-b50\"><\/div>[\/vc_column][\/vc_row][vc_row][vc_column width=&#8221;1\/4&#8243;]<a  href=\"#\" title=\"button\" target=\"_self\" class=\"icon mb-0 mt-0 icon--style-1\"><div class=\"icon__wrapper\"><div class=\"icon__front\"><div class=\"icon__wrap\"><div class=\"icon__media\"><img decoding=\"async\" src=\"https:\/\/kamp-rut.si\/wp-content\/uploads\/nature-kobarid-soca.png\" alt=\"\"><\/div><h3 class=\"icon__title\">Narava<\/h3><div class=\"icon__text\">Odkrijte naravo: podajte se do bli\u017enje opazovalnice ptic, po gozdni poti do slapa, ali po kolesarski poti do \u010dudovite reke Nadi\u017ee\u2026<\/div><\/div><\/div><div class=\"icon__back\"><img decoding=\"async\" class=\"icon__background\" src=\"https:\/\/kamp-rut.si\/wp-content\/uploads\/nature.jpg\" alt=\"\"><\/div><\/div><\/a><div class=\"empty-space marg-xs-b15\"><\/div>[\/vc_column][vc_column width=&#8221;1\/4&#8243;]<a  href=\"#\" title=\"button\" target=\"_self\" class=\"icon mb-0 mt-0 icon--style-1\"><div class=\"icon__wrapper\"><div class=\"icon__front\"><div class=\"icon__wrap\"><div class=\"icon__media\"><img decoding=\"async\" src=\"https:\/\/kamp-rut.si\/wp-content\/uploads\/family-friendly-campsite-kobarid2.png\" alt=\"\"><\/div><h3 class=\"icon__title\">Dru\u017einam prijazno<\/h3><div class=\"icon__text\">Na\u0161a mirna lokacija in igri\u0161\u010da so kot nala\u0161\u010d za dru\u017eine z otroki.<\/div><\/div><\/div><div class=\"icon__back\"><img decoding=\"async\" class=\"icon__background\" src=\"https:\/\/kamp-rut.si\/wp-content\/uploads\/family-friendly.jpg\" alt=\"\"><\/div><\/div><\/a><div class=\"empty-space marg-xs-b15\"><\/div>[\/vc_column][vc_column width=&#8221;1\/4&#8243;]<a  href=\"#\" title=\"button\" target=\"_self\" class=\"icon mb-0 mt-0 icon--style-1\"><div class=\"icon__wrapper\"><div class=\"icon__front\"><div class=\"icon__wrap\"><div class=\"icon__media\"><img decoding=\"async\" src=\"https:\/\/kamp-rut.si\/wp-content\/uploads\/utensils.png\" alt=\"\"><\/div><h3 class=\"icon__title\">Kulinarika<\/h3><div class=\"icon__text\">Zajtrk z doma\u010dimi izdelki, med sezono tudi doma\u010de jedi kot so frika, so\u0161ke postrvi in kobari\u0161ki \u0161truklji.<\/div><\/div><\/div><div class=\"icon__back\"><img decoding=\"async\" class=\"icon__background\" src=\"https:\/\/kamp-rut.si\/wp-content\/uploads\/culinary.jpg\" alt=\"\"><\/div><\/div><\/a><div class=\"empty-space marg-xs-b15\"><\/div>[\/vc_column][vc_column width=&#8221;1\/4&#8243;]<a  href=\"#\" title=\"button\" target=\"_self\" class=\"icon mb-0 mt-0 icon--style-1\"><div class=\"icon__wrapper\"><div class=\"icon__front\"><div class=\"icon__wrap\"><div class=\"icon__media\"><img decoding=\"async\" src=\"https:\/\/kamp-rut.si\/wp-content\/uploads\/adventure-kobarid.png\" alt=\"\"><\/div><h3 class=\"icon__title\">Dogodiv\u0161\u010dine<\/h3><div class=\"icon__text\">Vodni \u0161porti na reki So\u010di, padalstvo, najem skuterjev, jahanje\u2026<\/div><\/div><\/div><div class=\"icon__back\"><img decoding=\"async\" class=\"icon__background\" src=\"https:\/\/kamp-rut.si\/wp-content\/uploads\/adventure.jpg\" alt=\"\"><\/div><\/div><\/a><div class=\"empty-space marg-xs-b15\"><\/div>[\/vc_column][\/vc_row][vc_row full_width=&#8221;stretch_row_content_no_spaces&#8221;][vc_column]<div  class=\"empty-space  marg-lg-b75 marg-xs-b50\"><\/div><div  class=\"featured-rooms-slider\"><div class=\"featured-rooms-slider__item\" style=\"background-image: url(https:\/\/kamp-rut.si\/wp-content\/uploads\/camp.jpg);\"><div class=\"container\"><div class=\"featured-rooms-slider__content\"><div class=\"featured-rooms-slider__title\">Kampiranje<\/div><div class=\"featured-rooms-slider__text\"><p>Zaspite pod zvezdnatim nebom obkro\u017eeni z gozdom in zbudite se ob \u010dudovitem pogledu na Stol, Krn in Matajur. Podajte se po kolesarskih, pohodnih in u\u010dnih poteh, ki vodijo iz kampa. Privo\u0161\u010dite si na\u0161 poseben doma\u010di zajtrk.<\/p>\n<\/div><a class=\"btn btn--md btn--normal\" href=\"https:\/\/kamp-rut.si\/sl\/kampiranje\/\" title=\"Kampiranje\" target=\"_self\">Preberite ve\u010d<\/a><div class=\"slick-nav\"><button type=\"button\" class=\"slick-nav__prev\"><i class=\"fa fa-angle-left\"><\/i><\/button><button type=\"button\" class=\"slick-nav__next\"><i class=\"fa fa-angle-right\"><\/i><\/button><\/div><\/div><\/div><\/div><div class=\"featured-rooms-slider__item\" style=\"background-image: url(https:\/\/kamp-rut.si\/wp-content\/uploads\/house.jpg);\"><div class=\"container\"><div class=\"featured-rooms-slider__content\"><div class=\"featured-rooms-slider__title\">Po\u010ditni\u0161ka hi\u0161ka<\/div><div class=\"featured-rooms-slider__text\"><p>Ne bom vam \u017eal, \u010de najamete na\u0161o po\u010ditni\u0161ko hi\u0161ko, z balkonom, ki ponuja pogled na goro Krn. V zgornjem nadstropju je spalnica z osmimi le\u017ei\u0161\u010di, spodaj pa kuhinja in jedilnica s kav\u010dem in televizijo ter kopalnica.<\/p>\n<\/div><a class=\"btn btn--md btn--normal\" href=\"https:\/\/kamp-rut.si\/sl\/pocitniska-hisa\/\" title=\"Po\u010ditni\u0161ka hi\u0161a\" target=\"_self\">Preberite ve\u010d<\/a><div class=\"slick-nav\"><button type=\"button\" class=\"slick-nav__prev\"><i class=\"fa fa-angle-left\"><\/i><\/button><button type=\"button\" class=\"slick-nav__next\"><i class=\"fa fa-angle-right\"><\/i><\/button><\/div><\/div><\/div><\/div><div class=\"featured-rooms-slider__item\" style=\"background-image: url(https:\/\/kamp-rut.si\/wp-content\/uploads\/hostel.jpg);\"><div class=\"container\"><div class=\"featured-rooms-slider__content\"><div class=\"featured-rooms-slider__title\">Hostel<\/div><div class=\"featured-rooms-slider__text\"><p>\u010ce raje spite pod streho, ste dobrodo\u0161li v na\u0161em hostlu, ki lahko gosti do 18 ljudi. V njem so tri lo\u010dene sobe in ena skupna soba s pogradi. Na voljo je tudi majhna kuhinja, kjer si lahko pripravite svoje obroke.<\/p>\n<\/div><a class=\"btn btn--md btn--normal\" href=\"https:\/\/kamp-rut.si\/sl\/hostel\/\" title=\"Hostel\" target=\"_self\">Preberite ve\u010d<\/a><div class=\"slick-nav\"><button type=\"button\" class=\"slick-nav__prev\"><i class=\"fa fa-angle-left\"><\/i><\/button><button type=\"button\" class=\"slick-nav__next\"><i class=\"fa fa-angle-right\"><\/i><\/button><\/div><\/div><\/div><\/div><\/div>[\/vc_column][\/vc_row][vc_row][vc_column]<div  class=\"empty-space  marg-lg-b75 marg-xs-b50\"><\/div><div  class=\"main-heading\"><span class=\"subtitle\">Iz kampa vodi ve\u010d poti<\/span><h2 class=\"title\" style=\"color:#111111;\">Pohodniki in kolesarji<\/h2><\/div><div  class=\"empty-space  marg-lg-b25 marg-xs-b30\"><\/div><div class=\"text-block \" ><div class=\"simple-text \"><p style=\"text-align: center;\">Odli\u010dno izhodi\u0161\u010de za pohodnike in kolesarje, saj iz njega vodi ve\u010d poti: kolesarska pot do reke Nadi\u017ee, pe\u0161 pot do Kobarida (15 min) ob kateri so postaje za opazovanje pti\u010dev, pot do vasi Svino, kjer je stara cerkev Sv. Andreja, slap Svino pod vasjo, mo\u017enost nakupa BIO izdelkov kot so sir, jajca, mleko, itd.<\/p>\n<p style=\"text-align: center;\">Iz vasi poteka tudi Gamsova u\u010dna pot, ki vodi do starih mlinov ob reki Idriji.<\/p>\n<\/div><\/div>[\/vc_column][\/vc_row][vc_row full_width=&#8221;stretch_row_content_no_spaces&#8221;][vc_column]<div  class=\"empty-space  marg-lg-b75 marg-xs-b50\"><\/div><div  class=\"jumbotron has-overlay jumbotron--lg\"  data-image=\"https:\/\/kamp-rut.si\/wp-content\/uploads\/nadiza-river.jpg\"><div class=\"row\"><div class=\"col-md-12 jumbotron-text__content\"><a class=\"hb-video__anchor\" data-video=\"https:\/\/www.youtube.com\/embed\/mQE_1m9m14U?autoplay=1\"><i \n  class=\"icon-single fa fa-youtube-play\"><\/i><\/a><div class=\"hb-video__popup\"><div class=\"hb-video__caption\"><\/div><div class=\"hb-video__table\"><div class=\"hb-video__cell\"><div class=\"embed-responsive embed-responsive-16by9\"><iframe class=\"embed-responsive-item\" src=\"about:blank\"><\/iframe><div class=\"hb-video__close\"><\/div><\/div><\/div><\/div><\/div><div class=\"spacing\" style=\"height: 30px\"><\/div><div class=\"subtitle subtitle--lg\">Potepajte se. Raziskujte. Odkrijte.<\/div><div class=\"title title--lg\">Dolina So\u010de<br \/>\nDolina, ki si jo boste zapomnili.<\/div><\/div><\/div><\/div>[\/vc_column][\/vc_row][vc_row][vc_column]<div  class=\"empty-space  marg-lg-b75 marg-xs-b50\"><\/div><div  class=\"main-heading\"><span class=\"subtitle\"><\/span><h2 class=\"title\" style=\"color:#111111;\">Mnenja gostov<\/h2><\/div><div  class=\"empty-space  marg-lg-b25 marg-xs-b30\"><\/div>[\/vc_column][\/vc_row][vc_row][vc_column]\n  <div  class=\"testimonial__wrapper\">\n    <div class=\"row\">\n            <div class=\"col-sm-4\">\n        <div class=\"testimonial mb-0 mt-0\">\n                    <div class=\"testimonial__name\">Cadier<\/div>\n          <div class=\"testimonial__text\"><p>Kamp Rut je skriti biser. Ti\u0161ina, lep razgled na okoli\u0161ke gore in bli\u017eina zakladov reke So\u010de. Zagotovo se bomo ponovno vrnili!<\/p>\n<\/div>\n                      <img decoding=\"async\" class=\"testimonial__logo\" src=\"\" alt=\"\">\n                  <\/div>\n        <div class=\"empty-space  marg-xs-b5\"><\/div>\n      <\/div>\n            <div class=\"col-sm-4\">\n        <div class=\"testimonial mb-0 mt-0\">\n                    <div class=\"testimonial__name\">Juliana<\/div>\n          <div class=\"testimonial__text\"><p>Tam smo ostali pribli\u017eno 10 dni in bili smo ve\u010d kot zadovoljni! Kamp le\u017ei v lepem, mirnem okolju &#8211; obdan z gozdom. V bli\u017eini je slap in tudi pti\u010dja opazovalnica, ki je bila na\u0161im otrokom zelo v\u0161e\u010d.<\/p>\n<\/div>\n                      <img decoding=\"async\" class=\"testimonial__logo\" src=\"\" alt=\"\">\n                  <\/div>\n        <div class=\"empty-space  marg-xs-b5\"><\/div>\n      <\/div>\n            <div class=\"col-sm-4\">\n        <div class=\"testimonial mb-0 mt-0\">\n                    <div class=\"testimonial__name\">Tom<\/div>\n          <div class=\"testimonial__text\"><p>V Kamp Rut smo prispeli samo z namenom, da ostanemo dve no\u010di, a smo ostali cel teden. Lastniki so tako ljubeznivi ljudje in se potrudijo, da vam pomagajo in naredijo va\u0161e bivanje kar se da prijetno in spro\u0161\u010dujo\u010de.<\/p>\n<\/div>\n                      <img decoding=\"async\" class=\"testimonial__logo\" src=\"\" alt=\"\">\n                  <\/div>\n        <div class=\"empty-space  marg-xs-b5\"><\/div>\n      <\/div>\n          <\/div>\n  <\/div>\n\n  [\/vc_column][\/vc_row][vc_row full_width=&#8221;stretch_row_content_no_spaces&#8221;][vc_column]<div  class=\"empty-space  marg-lg-b75 marg-xs-b50\"><\/div><div class=\"hb-divider__seperator\" style=\" background:#eaeaea;\"><\/div>[\/vc_column][\/vc_row][vc_row full_width=&#8221;stretch_row_content_no_spaces&#8221;][vc_column]<div  class=\"empty-space  marg-lg-b75 marg-xs-b50\"><\/div>[\/vc_column][\/vc_row]<\/p>\n","protected":false},"excerpt":{"rendered":"<p>[vc_row full_width=&#8221;stretch_row_content_no_spaces&#8221;][vc_column][\/vc_column][\/vc_row][vc_row][vc_column][\/vc_column][\/vc_row][vc_row][vc_column width=&#8221;1\/3&#8243;][\/vc_column][vc_column width=&#8221;1\/3&#8243;][\/vc_column][vc_column width=&#8221;1\/3&#8243;][\/vc_column][\/vc_row][vc_row][vc_column][\/vc_column][\/vc_row][vc_row][vc_column width=&#8221;1\/4&#8243;][\/vc_column][vc_column width=&#8221;1\/4&#8243;][\/vc_column][vc_column width=&#8221;1\/4&#8243;][\/vc_column][vc_column width=&#8221;1\/4&#8243;][\/vc_column][\/vc_row][vc_row full_width=&#8221;stretch_row_content_no_spaces&#8221;][vc_column][\/vc_column][\/vc_row][vc_row][vc_column][\/vc_column][\/vc_row][vc_row full_width=&#8221;stretch_row_content_no_spaces&#8221;][vc_column][\/vc_column][\/vc_row][vc_row][vc_column][\/vc_column][\/vc_row][vc_row][vc_column][\/vc_column][\/vc_row][vc_row full_width=&#8221;stretch_row_content_no_spaces&#8221;][vc_column][\/vc_column][\/vc_row][vc_row full_width=&#8221;stretch_row_content_no_spaces&#8221;][vc_column][\/vc_column][\/vc_row]<\/p>\n","protected":false},"author":1,"featured_media":0,"parent":0,"menu_order":0,"comment_status":"closed","ping_status":"closed","template":"","meta":{"footnotes":""},"class_list":["post-3927","page","type-page","status-publish","hentry"],"_links":{"self":[{"href":"https:\/\/kamp-rut.si\/sl\/wp-json\/wp\/v2\/pages\/3927","targetHints":{"allow":["GET"]}}],"collection":[{"href":"https:\/\/kamp-rut.si\/sl\/wp-json\/wp\/v2\/pages"}],"about":[{"href":"https:\/\/kamp-rut.si\/sl\/wp-json\/wp\/v2\/types\/page"}],"author":[{"embeddable":true,"href":"https:\/\/kamp-rut.si\/sl\/wp-json\/wp\/v2\/users\/1"}],"replies":[{"embeddable":true,"href":"https:\/\/kamp-rut.si\/sl\/wp-json\/wp\/v2\/comments?post=3927"}],"version-history":[{"count":5,"href":"https:\/\/kamp-rut.si\/sl\/wp-json\/wp\/v2\/pages\/3927\/revisions"}],"predecessor-version":[{"id":4758,"href":"https:\/\/kamp-rut.si\/sl\/wp-json\/wp\/v2\/pages\/3927\/revisions\/4758"}],"wp:attachment":[{"href":"https:\/\/kamp-rut.si\/sl\/wp-json\/wp\/v2\/media?parent=3927"}],"curies":[{"name":"wp","href":"https:\/\/api.w.org\/{rel}","templated":true}]}}