{"id":3933,"date":"2023-03-04T20:18:33","date_gmt":"2023-03-04T19:18:33","guid":{"rendered":"https:\/\/kamp-rut.si\/?page_id=3933"},"modified":"2025-02-22T13:09:08","modified_gmt":"2025-02-22T12:09:08","slug":"kampiranje","status":"publish","type":"page","link":"https:\/\/kamp-rut.si\/sl\/kampiranje\/","title":{"rendered":"Kampiranje"},"content":{"rendered":"<p>[vc_row][vc_column width=&#8221;1\/2&#8243;]<div class=\"text-block \" ><div class=\"simple-text \"><p>Imamo parcele za kampiranje v senci in na soncu. Imamo tudi bar, hostel, po\u010ditni\u0161ko hi\u0161ico, otro\u0161ko in \u0161portno igri\u0161\u010de (nogomet, odbojka, badminton).<\/p>\n<p>Iz kampa je lep razgled na Krn, Matajur in Stol. Obenem je odli\u010dno izhodi\u0161\u010de za pohodnike in kolesarje, saj iz kampa vodi ve\u010d poti: Kolesarska pot do reke Nadi\u017ee, pe\u0161 pot do Kobarida.<\/p>\n<\/div><\/div><div  class=\"empty-space  marg-lg-b25\"><\/div><div  class=\"block mb-0\"><h2 class=\"block__title\">Storitve<\/h2><div class=\"block__content\"><ul class=\"amenities amenities--col-4\"><li class=\"amenity\"><i class=\"fa fa fa-futbol-o amenity__icon\"><\/i>\u0160portno igri\u0161\u010de<\/li><li class=\"amenity\"><i class=\"fa fa fa-wifi amenity__icon\"><\/i>Wi-fi<\/li><li class=\"amenity\"><i class=\"fa fa fa-shower amenity__icon\"><\/i>Kopalnice<\/li><li class=\"amenity\"><i class=\"fa fa fa-child amenity__icon\"><\/i>Otro\u0161ko igri\u0161\u010de<\/li><li class=\"amenity\"><i class=\"fa fa fa-sun-o amenity__icon\"><\/i>Parcele v senci in na soncu<\/li><li class=\"amenity\"><i class=\"fa fa fa-car amenity__icon\"><\/i>Brezpla\u010dno parkiri\u0161\u010de<\/li><li class=\"amenity\"><i class=\"fa fa fa-fire amenity__icon\"><\/i>Prostor za peko na \u017earu<\/li><li class=\"amenity\"><i class=\"fa fa fa-glass amenity__icon\"><\/i>Bar<\/li><\/ul><\/div><\/div><div  class=\"empty-space  marg-lg-b5\"><\/div>[vc_message]Nogometno igri\u0161\u010de ni v uporabi od 1.8 do 20.8[\/vc_message]<div  class=\"empty-space  marg-lg-b75\"><\/div>[\/vc_column][vc_column width=&#8221;1\/2&#8243;][vc_media_grid element_width=&#8221;3&#8243; item=&#8221;mediaGrid_FadeInWithIcon&#8221; grid_id=&#8221;vc_gid:1740226120341-154f328a-a42a-6&#8243; include=&#8221;7001,7003,7005,7007,7009&#8243;][\/vc_column][\/vc_row][vc_row][vc_column width=&#8221;1\/3&#8243;]<div  class=\"hb-pricing\"><h4 class=\"hb-pricing__title\">1.5. - 30.6.<\/h4><div class=\"hb-pricing__count\"><span class=\"hb-pricing__top\">\u20ac<\/span>15,00<span>oseba \/ dan<\/span><\/div><ul class=\"hb-pricing__list\"><li class=\"active\">Otroci od 7 do 13,99 let - 7,00 \u20ac <\/li><li class=\"active\"> Otroci do 6,99 let - gratis<\/li><li class=\"active\"> Hi\u0161ni ljubljen\u010dki - 4,00 \u20ac <\/li><li class=\"active\"> El. priklju\u010dek - 5,00 \u20ac \/ dan<\/li><\/ul><\/div>[\/vc_column][vc_column width=&#8221;1\/3&#8243;]<div  class=\"hb-pricing\"><h4 class=\"hb-pricing__title\">1.7. - 31.8.<\/h4><div class=\"hb-pricing__count\"><span class=\"hb-pricing__top\">\u20ac<\/span>16,00<span>oseba \/ dan<\/span><\/div><ul class=\"hb-pricing__list\"><li class=\"active\">Otroci od 7 do 13,99 let - 8,00 \u20ac <\/li><li class=\"active\"> Otroci do 6,99 let - gratis <\/li><li class=\"active\"> Hi\u0161ni ljubljen\u010dki - 4,00 \u20ac <\/li><li class=\"active\"> El. priklju\u010dek - 5,00 \u20ac \/ dan<\/li><\/ul><\/div>[\/vc_column][vc_column width=&#8221;1\/3&#8243;]<div  class=\"hb-pricing\"><h4 class=\"hb-pricing__title\">1.9. - 31.10.<\/h4><div class=\"hb-pricing__count\"><span class=\"hb-pricing__top\">\u20ac<\/span>15,00<span>oseba \/ dan<\/span><\/div><ul class=\"hb-pricing__list\"><li class=\"active\">Otroci od 7 do 13,99 let - 7,00 \u20ac <\/li><li class=\"active\"> Otroci do 6,99 let - gratis <\/li><li class=\"active\"> Hi\u0161ni ljubljen\u010dki - 4,00 \u20ac <\/li><li class=\"active\"> El. priklju\u010dek - 5,00 \u20ac \/ dan<\/li><\/ul><\/div>[\/vc_column][\/vc_row][vc_row][vc_column]<div  class=\"empty-space  marg-lg-b50\"><\/div>[\/vc_column][\/vc_row][vc_row][vc_column][vc_message message_box_style=&#8221;solid-icon&#8221;]<strong>POPUSTI IN DOPLA\u010cILA:<\/strong><\/p>\n<ul>\n<li>Bivanje nad 7 no\u010di = &#8211; 10%<\/li>\n<li>Imetniki ACSI kartice = \u2013 10% (velja samo izven glavne sezone: 1.5. &#8211; 3.6. in 1.9. &#8211; 31.10.)<\/li>\n<li>Turisti\u010dna taksa za odrasle = + 2,5 \u20ac oseba \/ dan<\/li>\n<li>Turisti\u010dna taksa za otroke in mlade od 7 do 14 let = + 1,25\u00a0 \u20ac oseba \/ dan<\/li>\n<li>Turisti\u010dna taksa za otroke do 7 let = brezpla\u010dno<\/li>\n<\/ul>\n<p><strong>Turisti\u010dna taksa ni vklju\u010dena v ceno.<br \/>\nDDV je vklju\u010den v ceno.<br \/>\n<\/strong>[\/vc_message][\/vc_column][\/vc_row]<\/p>\n","protected":false},"excerpt":{"rendered":"<p>[vc_row][vc_column width=&#8221;1\/2&#8243;][vc_message]Nogometno igri\u0161\u010de ni v uporabi od 1.8 do 20.8[\/vc_message][\/vc_column][vc_column width=&#8221;1\/2&#8243;][vc_media_grid element_width=&#8221;3&#8243; item=&#8221;mediaGrid_FadeInWithIcon&#8221; grid_id=&#8221;vc_gid:1740226120341-154f328a-a42a-6&#8243; include=&#8221;7001,7003,7005,7007,7009&#8243;][\/vc_column][\/vc_row][vc_row][vc_column width=&#8221;1\/3&#8243;][\/vc_column][vc_column width=&#8221;1\/3&#8243;][\/vc_column][vc_column width=&#8221;1\/3&#8243;][\/vc_column][\/vc_row][vc_row][vc_column][\/vc_column][\/vc_row][vc_row][vc_column][vc_message message_box_style=&#8221;solid-icon&#8221;]POPUSTI IN DOPLA\u010cILA: Bivanje nad 7 no\u010di = &#8211; 10% Imetniki ACSI kartice = \u2013 10% (velja samo izven glavne sezone: 1.5. &#8211; 3.6. in 1.9. &#8211; 31.10.) Turisti\u010dna taksa za odrasle = + 2,5 \u20ac oseba [&hellip;]<\/p>\n","protected":false},"author":1,"featured_media":0,"parent":0,"menu_order":0,"comment_status":"closed","ping_status":"closed","template":"","meta":{"footnotes":""},"class_list":["post-3933","page","type-page","status-publish","hentry"],"_links":{"self":[{"href":"https:\/\/kamp-rut.si\/sl\/wp-json\/wp\/v2\/pages\/3933","targetHints":{"allow":["GET"]}}],"collection":[{"href":"https:\/\/kamp-rut.si\/sl\/wp-json\/wp\/v2\/pages"}],"about":[{"href":"https:\/\/kamp-rut.si\/sl\/wp-json\/wp\/v2\/types\/page"}],"author":[{"embeddable":true,"href":"https:\/\/kamp-rut.si\/sl\/wp-json\/wp\/v2\/users\/1"}],"replies":[{"embeddable":true,"href":"https:\/\/kamp-rut.si\/sl\/wp-json\/wp\/v2\/comments?post=3933"}],"version-history":[{"count":7,"href":"https:\/\/kamp-rut.si\/sl\/wp-json\/wp\/v2\/pages\/3933\/revisions"}],"predecessor-version":[{"id":9701,"href":"https:\/\/kamp-rut.si\/sl\/wp-json\/wp\/v2\/pages\/3933\/revisions\/9701"}],"wp:attachment":[{"href":"https:\/\/kamp-rut.si\/sl\/wp-json\/wp\/v2\/media?parent=3933"}],"curies":[{"name":"wp","href":"https:\/\/api.w.org\/{rel}","templated":true}]}}