{"id":3940,"date":"2023-03-04T20:46:54","date_gmt":"2023-03-04T19:46:54","guid":{"rendered":"https:\/\/kamp-rut.si\/?page_id=3940"},"modified":"2025-02-22T13:06:18","modified_gmt":"2025-02-22T12:06:18","slug":"hostel","status":"publish","type":"page","link":"https:\/\/kamp-rut.si\/sl\/hostel\/","title":{"rendered":"Hostel"},"content":{"rendered":"<p>[vc_row][vc_column width=&#8221;1\/2&#8243;]<div class=\"text-block \" ><div class=\"simple-text \"><p>\u010ce raje spite pod streho, ste dobrodo\u0161li v na\u0161em hostlu, ki lahko gosti do 18 ljudi. V njem so tri lo\u010dene sobe in ena skupna soba s pogradi. Na voljo je tudi majhna kuhinja, kjer si lahko pripravite svoje obroke.<\/p>\n<p>Kamp Rut se nahaja v Kobaridu in ponuja brezpla\u010dna kolesa ter vrt. V sklopu nastanitve najdete skupni salon in bar.<\/p>\n<\/div><\/div><div  class=\"empty-space  marg-lg-b25\"><\/div><div  class=\"tab mb-0 tab--style-1\"><ul class=\"tab-nav\" role=\"tablist\"><li role=\"presentation\" class=\"tab-nav__item active \">\n               <a class=\"tab-nav__link\" href=\"#tab0\" aria-controls=\"tab0\" role=\"tab\" data-toggle=\"tab\">Pregled<\/a><\/li><li role=\"presentation\" class=\"tab-nav__item\">\n               <a class=\"tab-nav__link\" href=\"#tab1\" aria-controls=\"tab1\" role=\"tab\" data-toggle=\"tab\">Storitve<\/a><\/li><\/ul><div class=\"tab__content\"><div role=\"tabpanel\" class=\"tab__pane  active \" id=\"tab0\"><div class=\"text-block \" ><div class=\"simple-text \"><ul>\n<li><strong>Razpolo\u017eljivost: <\/strong>Do 18 oseb<\/li>\n<li><strong>Pogled:<\/strong> Pogled na hribe<\/li>\n<li><strong>Velikost postelje:<\/strong> Enoposteljna ali zakonska postelja<\/li>\n<li><strong>Hi\u0161ni ljubljen\u010dki:<\/strong> Niso dovoljeni<\/li>\n<\/ul>\n<\/div><\/div><\/div><div role=\"tabpanel\" class=\"tab__pane \" id=\"tab1\"><ul  class=\"list mb-0 list--check\"><li class=\"list__item\">Trgovina s spominki \/ darili<\/li><li class=\"list__item\">Hitra prijava \/ odjava<\/li><li class=\"list__item\">Pralnica perila<\/li><li class=\"list__item\">Izposoja koles<\/li><li class=\"list__item\">Otro\u0161ko igri\u0161\u010de<\/li><\/ul><\/div><\/div><\/div><div  class=\"empty-space  marg-lg-b25\"><\/div><div  class=\"block mb-0\"><h2 class=\"block__title\">Najbolj priljubljene storitve<\/h2><div class=\"block__content\"><ul class=\"amenities amenities--col-4\"><li class=\"amenity\"><i class=\"fa fa fa-wifi amenity__icon\"><\/i>Wifi<\/li><li class=\"amenity\"><i class=\"fa fa fa-television amenity__icon\"><\/i>Televizija<\/li><li class=\"amenity\"><i class=\"fa fa fa-cutlery amenity__icon\"><\/i>Skupna kuhinja<\/li><li class=\"amenity\"><i class=\"fa fa fa-snowflake-o amenity__icon\"><\/i>Klima<\/li><li class=\"amenity\"><i class=\"fa fa fa-car amenity__icon\"><\/i>Brezpla\u010dno parkiri\u0161\u010de<\/li><li class=\"amenity\"><i class=\"fa fa fa-leaf amenity__icon\"><\/i>Vrt<\/li><li class=\"amenity\"><i class=\"fa fa fa-fire amenity__icon\"><\/i>Prostor za peko na \u017earu<\/li><li class=\"amenity\"><i class=\"fa fa fa-glass amenity__icon\"><\/i>Bar<\/li><\/ul><\/div><\/div><div  class=\"empty-space  marg-lg-b75\"><\/div>[\/vc_column][vc_column width=&#8221;1\/2&#8243;][vc_media_grid element_width=&#8221;3&#8243; item=&#8221;mediaGrid_FadeInWithIcon&#8221; grid_id=&#8221;vc_gid:1740225950080-a1c95c8c-2208-4&#8243; include=&#8221;80,81,82,83,84,85,86,87,88,89,90,91,69,70,71,72,73,75,76,77,78,79&#8243;][\/vc_column][\/vc_row][vc_row][vc_column width=&#8221;1\/3&#8243;]<div  class=\"hb-pricing\"><h4 class=\"hb-pricing__title\">1.5. - 30.6.<\/h4><div class=\"hb-pricing__count\"><span class=\"hb-pricing__top\">\u20ac<\/span>19,00<span>oseba \/ dan<\/span><\/div><ul class=\"hb-pricing__list\"><li class=\"active\">Lo\u010dena soba <\/li><li class=\"active\"> Skupna soba<\/li><\/ul><\/div><div  class=\"empty-space  marg-lg-b50\"><\/div>[\/vc_column][vc_column width=&#8221;1\/3&#8243;]<div  class=\"hb-pricing\"><h4 class=\"hb-pricing__title\">1.7. - 31.8.<\/h4><div class=\"hb-pricing__count\"><span class=\"hb-pricing__top\">\u20ac<\/span>20,00<span>oseba \/ dan<\/span><\/div><ul class=\"hb-pricing__list\"><li class=\"active\">Lo\u010dena soba <\/li><li class=\"active\"> Skupna soba<\/li><\/ul><\/div><div  class=\"empty-space  marg-lg-b50\"><\/div>[\/vc_column][vc_column width=&#8221;1\/3&#8243;]<div  class=\"hb-pricing\"><h4 class=\"hb-pricing__title\">1.9. - 31.10.<\/h4><div class=\"hb-pricing__count\"><span class=\"hb-pricing__top\">\u20ac<\/span>19,00<span>oseba \/ dan<\/span><\/div><ul class=\"hb-pricing__list\"><li class=\"active\">Lo\u010dena soba <\/li><li class=\"active\"> Skupna soba<\/li><\/ul><\/div><div  class=\"empty-space  marg-lg-b50\"><\/div>[\/vc_column][\/vc_row][vc_row][vc_column]<div  class=\"empty-space  marg-lg-b50\"><\/div>[vc_message message_box_style=&#8221;solid-icon&#8221; css=&#8221;.vc_custom_1740225959012{background-color: #f9f9f9 !important;}&#8221;]<strong>POPUSTI IN DOPLA\u010cILA:<\/strong><\/p>\n<ul>\n<li>Bivanje nad 7 dni = &#8211; 10%<\/li>\n<li>Turisti\u010dna taksa za odrasle = + 2,5 \u20ac oseba \/ dan<\/li>\n<li>Turisti\u010dna taksa za otroke in mlade od 7 do 14 let = + 1,25\u00a0 \u20ac oseba \/ dan<\/li>\n<li>Turisti\u010dna taksa za otroke do 7 let = brezpla\u010dno<\/li>\n<\/ul>\n<p><strong>Turisti\u010dna taksa ni vklju\u010dena v ceno.<br \/>\nDDV je vklju\u010den v ceno.<br \/>\n<\/strong>[\/vc_message][\/vc_column][\/vc_row]<\/p>\n","protected":false},"excerpt":{"rendered":"<p>[vc_row][vc_column width=&#8221;1\/2&#8243;][\/vc_column][vc_column width=&#8221;1\/2&#8243;][vc_media_grid element_width=&#8221;3&#8243; item=&#8221;mediaGrid_FadeInWithIcon&#8221; grid_id=&#8221;vc_gid:1740225950080-a1c95c8c-2208-4&#8243; include=&#8221;80,81,82,83,84,85,86,87,88,89,90,91,69,70,71,72,73,75,76,77,78,79&#8243;][\/vc_column][\/vc_row][vc_row][vc_column width=&#8221;1\/3&#8243;][\/vc_column][vc_column width=&#8221;1\/3&#8243;][\/vc_column][vc_column width=&#8221;1\/3&#8243;][\/vc_column][\/vc_row][vc_row][vc_column][vc_message message_box_style=&#8221;solid-icon&#8221; css=&#8221;.vc_custom_1740225959012{background-color: #f9f9f9 !important;}&#8221;]POPUSTI IN DOPLA\u010cILA: Bivanje nad 7 dni = &#8211; 10% Turisti\u010dna taksa za odrasle = + 2,5 \u20ac oseba \/ dan Turisti\u010dna taksa za otroke in mlade od 7 do 14 let = + 1,25\u00a0 \u20ac oseba \/ dan Turisti\u010dna taksa za [&hellip;]<\/p>\n","protected":false},"author":1,"featured_media":0,"parent":0,"menu_order":0,"comment_status":"closed","ping_status":"closed","template":"","meta":{"footnotes":""},"class_list":["post-3940","page","type-page","status-publish","hentry"],"_links":{"self":[{"href":"https:\/\/kamp-rut.si\/sl\/wp-json\/wp\/v2\/pages\/3940","targetHints":{"allow":["GET"]}}],"collection":[{"href":"https:\/\/kamp-rut.si\/sl\/wp-json\/wp\/v2\/pages"}],"about":[{"href":"https:\/\/kamp-rut.si\/sl\/wp-json\/wp\/v2\/types\/page"}],"author":[{"embeddable":true,"href":"https:\/\/kamp-rut.si\/sl\/wp-json\/wp\/v2\/users\/1"}],"replies":[{"embeddable":true,"href":"https:\/\/kamp-rut.si\/sl\/wp-json\/wp\/v2\/comments?post=3940"}],"version-history":[{"count":10,"href":"https:\/\/kamp-rut.si\/sl\/wp-json\/wp\/v2\/pages\/3940\/revisions"}],"predecessor-version":[{"id":9697,"href":"https:\/\/kamp-rut.si\/sl\/wp-json\/wp\/v2\/pages\/3940\/revisions\/9697"}],"wp:attachment":[{"href":"https:\/\/kamp-rut.si\/sl\/wp-json\/wp\/v2\/media?parent=3940"}],"curies":[{"name":"wp","href":"https:\/\/api.w.org\/{rel}","templated":true}]}}